{"id":59467,"date":"2022-12-21T19:25:58","date_gmt":"2022-12-21T18:25:58","guid":{"rendered":"https:\/\/jtahed.com\/?page_id=59467"},"modified":"2023-01-04T12:37:59","modified_gmt":"2023-01-04T11:37:59","slug":"request-quote","status":"publish","type":"page","link":"https:\/\/jtahed.com\/fr\/request-quote\/","title":{"rendered":"Demande de devis"},"content":{"rendered":"<div class=\"row align-center\"  id=\"row-1052919245\">\n\n\n\t<div id=\"col-1930183277\" class=\"col medium-10 small-12 large-10\"  >\n\t\t\t\t<div class=\"col-inner text-center\"  >\n\t\t\t\n\t\t\t\n\n<a href=\"https:\/\/jtahed.com\/fr\/products\/\" target=\"_self\" class=\"button primary\"  style=\"border-radius:10px;\">\n  <i class=\"icon-angle-left\" aria-hidden=\"true\" ><\/i>  <span>Retour aux produits<\/span>\n  <\/a>\n\n\n\t<div id=\"text-2749654149\" class=\"text\">\n\t\t\n\n<p>Merci de consid\u00e9rer notre entreprise pour vos besoins en (produit\/service). Veuillez vous assurer de s\u00e9lectionner les produits qui vous int\u00e9ressent sur la page des produits. Cela nous permettra de vous fournir un devis pr\u00e9cis. Une fois que vous avez s\u00e9lectionn\u00e9 vos produits, veuillez remplir le formulaire avec vos coordonn\u00e9es. L'un des membres de notre \u00e9quipe vous contactera sous peu pour discuter de votre demande. Nous nous r\u00e9jouissons de l'opportunit\u00e9 de travailler avec vous.<\/p>\n\t\t\n<style>\n#text-2749654149 {\n  text-align: center;\n}\n<\/style>\n\t<\/div>\n\t\n\n\t\t<\/div>\n\t\t\t\t\n<style>\n#col-1930183277 > .col-inner {\n  padding: 0px 0px 24px 0px;\n  margin: 0px 0px -45px 0px;\n}\n<\/style>\n\t<\/div>\n\n\t\n\n\t<div id=\"col-546799829\" class=\"col medium-10 small-12 large-10\"  >\n\t\t\t\t<div class=\"col-inner\"  >\n\t\t\t\n\t\t\t\n\n\n\n\n<div class=\"woocommerce ywraq-wrapper\">\n\n\t\t\t<div id=\"yith-ywraq-message\"><div class=\"ywraq-question-message\">\n\t<\/div>\n<\/div>\n\t\t\n\t\t\t\t<div class=\"ywraq-form-table-wrapper\">\n\t\t\t\n<p class=\"ywraq_list_empty_message\">Votre liste est vide, ajoutez des produits \u00e0 la liste pour envoyer une demande<p><p class=\"return-to-shop\"><a class=\"button wc-backward\" href=\"https:\/\/jtahed.com\/fr\/products\/\">Retour aux produits<\/a><\/p>\n\t\t\t\t\t<\/div>\n\t<\/div>\n\n\n\n\t\t<\/div>\n\t\t\t\t\n<style>\n#col-546799829 > .col-inner {\n  padding: 30px 0px 0px 0px;\n}\n<\/style>\n\t<\/div>\n\n\t\n\n<\/div>\n<div class=\"row align-center\"  id=\"row-1584449609\">\n\n\n\t<div id=\"col-11426080\" class=\"col medium-4 small-12 large-4\"  >\n\t\t\t\t<div class=\"col-inner text-center\"  >\n\t\t\t\n\t\t\t\n\n<a href=\"https:\/\/jtahed.com\/fr\/request-product\/\" target=\"_self\" class=\"button secondary\"  style=\"border-radius:10px;\">\n    <span>Impossible de trouver le produit<\/span>\n  <i class=\"icon-angle-right\" aria-hidden=\"true\" ><\/i><\/a>\n\n\n\n\t\t<\/div>\n\t\t\t\t\n<style>\n#col-11426080 > .col-inner {\n  padding: 0px 0px 24px 0px;\n  margin: 0px 0px -45px 0px;\n}\n<\/style>\n\t<\/div>\n\n\t\n\n<\/div>","protected":false},"excerpt":{"rendered":"","protected":false},"author":1,"featured_media":0,"parent":0,"menu_order":0,"comment_status":"closed","ping_status":"closed","template":"","meta":{"footnotes":""},"class_list":["post-59467","page","type-page","status-publish","hentry"],"aioseo_notices":[],"jetpack_sharing_enabled":true,"_links":{"self":[{"href":"https:\/\/jtahed.com\/fr\/wp-json\/wp\/v2\/pages\/59467","targetHints":{"allow":["GET"]}}],"collection":[{"href":"https:\/\/jtahed.com\/fr\/wp-json\/wp\/v2\/pages"}],"about":[{"href":"https:\/\/jtahed.com\/fr\/wp-json\/wp\/v2\/types\/page"}],"author":[{"embeddable":true,"href":"https:\/\/jtahed.com\/fr\/wp-json\/wp\/v2\/users\/1"}],"replies":[{"embeddable":true,"href":"https:\/\/jtahed.com\/fr\/wp-json\/wp\/v2\/comments?post=59467"}],"version-history":[{"count":0,"href":"https:\/\/jtahed.com\/fr\/wp-json\/wp\/v2\/pages\/59467\/revisions"}],"wp:attachment":[{"href":"https:\/\/jtahed.com\/fr\/wp-json\/wp\/v2\/media?parent=59467"}],"curies":[{"name":"wp","href":"https:\/\/api.w.org\/{rel}","templated":true}]}}